{"id":9265,"date":"2021-04-12T23:17:02","date_gmt":"2021-04-13T03:17:02","guid":{"rendered":"https:\/\/goodhealthyrecipe.com\/about-us\/"},"modified":"2024-01-06T19:46:39","modified_gmt":"2024-01-06T23:46:39","slug":"about-us","status":"publish","type":"page","link":"https:\/\/goodhealthyrecipe.com\/en\/about-us\/","title":{"rendered":"About us"},"content":{"rendered":"\n<p>Why <a href=\"\/\">GoodHealthyRecipe<\/a> ?<\/p>\n\n<p>In this blog you will find the usual recipes, family recipes, you will learn new ways to cook in a healthy way. Healthy, <strong>because we like cooking<\/strong> .<\/p>\n\n<p>Recipes to share with friends, like <strong>the luxury salad<\/strong> , all in <a href=\"\/\">Good Healthy Recipe<\/a><\/p>\n\n<p>You can find us at: <a href=\"mailto:info@goodhealthyrecipe.com\">info@goodhealthyrecipe.com<\/a><\/p>\n","protected":false},"excerpt":{"rendered":"<p>Why GoodHealthyRecipe ? In this blog you will find the usual recipes, family recipes, you will learn new ways to cook in a healthy way. Healthy, because we like cooking . Recipes to share with friends, like the luxury salad , all in Good Healthy Recipe You can find us at: info@goodhealthyrecipe.com<\/p>\n","protected":false},"author":6,"featured_media":0,"parent":0,"menu_order":0,"comment_status":"closed","ping_status":"closed","template":"","meta":{"wprm-recipe-roundup-name":"","wprm-recipe-roundup-description":"","footnotes":""},"class_list":["post-9265","page","type-page","status-publish"],"yoast_head":"<!-- This site is optimized with the Yoast SEO Premium plugin v23.9 (Yoast SEO v23.9) - https:\/\/yoast.com\/wordpress\/plugins\/seo\/ -->\n<title>About us - Recetas F\u00e1ciles y de Cocina Dominicana: GoodHealthyRecipe.com<\/title>\n<meta name=\"description\" content=\"Why GoodHealthyRecipe ? In this blog you will find the usual recipes, family recipes, you will learn new ways to cook in a healthy way. Healthy, because\" \/>\n<meta name=\"robots\" content=\"index, follow, max-snippet:-1, max-image-preview:large, max-video-preview:-1\" \/>\n<link rel=\"canonical\" href=\"https:\/\/goodhealthyrecipe.com\/en\/about-us\/\" \/>\n<meta property=\"og:locale\" content=\"en_US\" \/>\n<meta property=\"og:type\" content=\"article\" \/>\n<meta property=\"og:title\" content=\"About us\" \/>\n<meta property=\"og:description\" content=\"Why GoodHealthyRecipe ? In this blog you will find the usual recipes, family recipes, you will learn new ways to cook in a healthy way. Healthy, because\" \/>\n<meta property=\"og:url\" content=\"https:\/\/goodhealthyrecipe.com\/en\/about-us\/\" \/>\n<meta property=\"og:site_name\" content=\"Recetas F\u00e1ciles y de Cocina Dominicana: GoodHealthyRecipe.com\" \/>\n<meta property=\"article:publisher\" content=\"https:\/\/www.facebook.com\/recipesvideoseasy\" \/>\n<meta property=\"article:modified_time\" content=\"2024-01-06T23:46:39+00:00\" \/>\n<meta property=\"og:image\" content=\"https:\/\/goodhealthyrecipe.com\/wp-content\/uploads\/2019\/09\/Logotipo.png\" \/>\n<meta name=\"twitter:card\" content=\"summary_large_image\" \/>\n<meta name=\"twitter:site\" content=\"@musicamundiial\" \/>\n<script type=\"application\/ld+json\" class=\"yoast-schema-graph\">{\"@context\":\"https:\/\/schema.org\",\"@graph\":[{\"@type\":\"WebPage\",\"@id\":\"https:\/\/goodhealthyrecipe.com\/en\/about-us\/\",\"url\":\"https:\/\/goodhealthyrecipe.com\/en\/about-us\/\",\"name\":\"About us - Recetas F\u00e1ciles y de Cocina Dominicana: GoodHealthyRecipe.com\",\"isPartOf\":{\"@id\":\"https:\/\/goodhealthyrecipe.com\/en\/#website\"},\"datePublished\":\"2021-04-13T03:17:02+00:00\",\"dateModified\":\"2024-01-06T23:46:39+00:00\",\"description\":\"Why GoodHealthyRecipe ? In this blog you will find the usual recipes, family recipes, you will learn new ways to cook in a healthy way. Healthy, because\",\"breadcrumb\":{\"@id\":\"https:\/\/goodhealthyrecipe.com\/en\/about-us\/#breadcrumb\"},\"inLanguage\":\"en-US\",\"potentialAction\":[{\"@type\":\"ReadAction\",\"target\":[\"https:\/\/goodhealthyrecipe.com\/en\/about-us\/\"]}]},{\"@type\":\"BreadcrumbList\",\"@id\":\"https:\/\/goodhealthyrecipe.com\/en\/about-us\/#breadcrumb\",\"itemListElement\":[{\"@type\":\"ListItem\",\"position\":1,\"name\":\"Receta\",\"item\":\"https:\/\/goodhealthyrecipe.com\/en\/home-2\/\"},{\"@type\":\"ListItem\",\"position\":2,\"name\":\"About us\"}]},{\"@type\":\"WebSite\",\"@id\":\"https:\/\/goodhealthyrecipe.com\/en\/#website\",\"url\":\"https:\/\/goodhealthyrecipe.com\/en\/\",\"name\":\"Recetas F\u00e1ciles y de Cocina Dominicana: GoodHealthyRecipe.com\",\"description\":\"Recetas F\u00e1ciles de Cocina Dominicana\",\"publisher\":{\"@id\":\"https:\/\/goodhealthyrecipe.com\/en\/#organization\"},\"alternateName\":\"Recetas de Cocina Dominicana\",\"potentialAction\":[{\"@type\":\"SearchAction\",\"target\":{\"@type\":\"EntryPoint\",\"urlTemplate\":\"https:\/\/goodhealthyrecipe.com\/en\/?s={search_term_string}\"},\"query-input\":{\"@type\":\"PropertyValueSpecification\",\"valueRequired\":true,\"valueName\":\"search_term_string\"}}],\"inLanguage\":\"en-US\"},{\"@type\":\"Organization\",\"@id\":\"https:\/\/goodhealthyrecipe.com\/en\/#organization\",\"name\":\"CookFood.Recipes\",\"alternateName\":\"Recetas de Cocina Dominicana\",\"url\":\"https:\/\/goodhealthyrecipe.com\/en\/\",\"logo\":{\"@type\":\"ImageObject\",\"inLanguage\":\"en-US\",\"@id\":\"https:\/\/goodhealthyrecipe.com\/en\/#\/schema\/logo\/image\/\",\"url\":\"https:\/\/goodhealthyrecipe.com\/wp-content\/uploads\/2024\/11\/Logo-GoodHealthyRecipe-HD-1024.png\",\"contentUrl\":\"https:\/\/goodhealthyrecipe.com\/wp-content\/uploads\/2024\/11\/Logo-GoodHealthyRecipe-HD-1024.png\",\"width\":1024,\"height\":1024,\"caption\":\"CookFood.Recipes\"},\"image\":{\"@id\":\"https:\/\/goodhealthyrecipe.com\/en\/#\/schema\/logo\/image\/\"},\"sameAs\":[\"https:\/\/www.facebook.com\/recipesvideoseasy\",\"https:\/\/x.com\/musicamundiial\",\"https:\/\/www.instagram.com\/musicamundiial\",\"https:\/\/www.pinterest.com\/goodhealthyrecipe\/\",\"https:\/\/www.youtube.com\/user\/musicamundiial2\"],\"description\":\"GoodHealthyRecipe.com es una plataforma dedicada a compartir recetas de cocina dominicana con un enfoque en la salud y la nutrici\u00f3n. En nuestro sitio, encontrar\u00e1s una amplia variedad de recetas tradicionales y modernas, acompa\u00f1adas de videos y consejos pr\u00e1cticos para preparar platos deliciosos y nutritivos. Desde el famoso mang\u00fa hasta los postres t\u00edpicos, te mostramos paso a paso c\u00f3mo hacerlos con ingredientes sencillos y accesibles. \u00danete a nuestra comunidad y descubre la aut\u00e9ntica gastronom\u00eda dominicana.\",\"email\":\"info@goodhealthyrecipe.com\",\"telephone\":\"+1-829-967-0999\",\"legalName\":\"GoodHealthyRecipe\",\"foundingDate\":\"2018-06-16\",\"numberOfEmployees\":{\"@type\":\"QuantitativeValue\",\"minValue\":\"1\",\"maxValue\":\"10\"},\"publishingPrinciples\":\"https:\/\/goodhealthyrecipe.com\/sobre-nosotros\/\",\"ownershipFundingInfo\":\"https:\/\/goodhealthyrecipe.com\/sobre-nosotros\/\",\"actionableFeedbackPolicy\":\"https:\/\/goodhealthyrecipe.com\/privacy-policy-2\/\",\"correctionsPolicy\":\"https:\/\/goodhealthyrecipe.com\/privacy-policy-2\/\",\"ethicsPolicy\":\"https:\/\/goodhealthyrecipe.com\/privacy-policy-2\/\",\"diversityPolicy\":\"https:\/\/goodhealthyrecipe.com\/privacy-policy-2\/\",\"diversityStaffingReport\":\"https:\/\/goodhealthyrecipe.com\/privacy-policy-2\/\"}]}<\/script>\n<!-- \/ Yoast SEO Premium plugin. -->","yoast_head_json":{"title":"About us - Recetas F\u00e1ciles y de Cocina Dominicana: GoodHealthyRecipe.com","description":"Why GoodHealthyRecipe ? In this blog you will find the usual recipes, family recipes, you will learn new ways to cook in a healthy way. Healthy, because","robots":{"index":"index","follow":"follow","max-snippet":"max-snippet:-1","max-image-preview":"max-image-preview:large","max-video-preview":"max-video-preview:-1"},"canonical":"https:\/\/goodhealthyrecipe.com\/en\/about-us\/","og_locale":"en_US","og_type":"article","og_title":"About us","og_description":"Why GoodHealthyRecipe ? In this blog you will find the usual recipes, family recipes, you will learn new ways to cook in a healthy way. Healthy, because","og_url":"https:\/\/goodhealthyrecipe.com\/en\/about-us\/","og_site_name":"Recetas F\u00e1ciles y de Cocina Dominicana: GoodHealthyRecipe.com","article_publisher":"https:\/\/www.facebook.com\/recipesvideoseasy","article_modified_time":"2024-01-06T23:46:39+00:00","og_image":[{"url":"https:\/\/goodhealthyrecipe.com\/wp-content\/uploads\/2019\/09\/Logotipo.png"}],"twitter_card":"summary_large_image","twitter_site":"@musicamundiial","schema":{"@context":"https:\/\/schema.org","@graph":[{"@type":"WebPage","@id":"https:\/\/goodhealthyrecipe.com\/en\/about-us\/","url":"https:\/\/goodhealthyrecipe.com\/en\/about-us\/","name":"About us - Recetas F\u00e1ciles y de Cocina Dominicana: GoodHealthyRecipe.com","isPartOf":{"@id":"https:\/\/goodhealthyrecipe.com\/en\/#website"},"datePublished":"2021-04-13T03:17:02+00:00","dateModified":"2024-01-06T23:46:39+00:00","description":"Why GoodHealthyRecipe ? In this blog you will find the usual recipes, family recipes, you will learn new ways to cook in a healthy way. Healthy, because","breadcrumb":{"@id":"https:\/\/goodhealthyrecipe.com\/en\/about-us\/#breadcrumb"},"inLanguage":"en-US","potentialAction":[{"@type":"ReadAction","target":["https:\/\/goodhealthyrecipe.com\/en\/about-us\/"]}]},{"@type":"BreadcrumbList","@id":"https:\/\/goodhealthyrecipe.com\/en\/about-us\/#breadcrumb","itemListElement":[{"@type":"ListItem","position":1,"name":"Receta","item":"https:\/\/goodhealthyrecipe.com\/en\/home-2\/"},{"@type":"ListItem","position":2,"name":"About us"}]},{"@type":"WebSite","@id":"https:\/\/goodhealthyrecipe.com\/en\/#website","url":"https:\/\/goodhealthyrecipe.com\/en\/","name":"Recetas F\u00e1ciles y de Cocina Dominicana: GoodHealthyRecipe.com","description":"Recetas F\u00e1ciles de Cocina Dominicana","publisher":{"@id":"https:\/\/goodhealthyrecipe.com\/en\/#organization"},"alternateName":"Recetas de Cocina Dominicana","potentialAction":[{"@type":"SearchAction","target":{"@type":"EntryPoint","urlTemplate":"https:\/\/goodhealthyrecipe.com\/en\/?s={search_term_string}"},"query-input":{"@type":"PropertyValueSpecification","valueRequired":true,"valueName":"search_term_string"}}],"inLanguage":"en-US"},{"@type":"Organization","@id":"https:\/\/goodhealthyrecipe.com\/en\/#organization","name":"CookFood.Recipes","alternateName":"Recetas de Cocina Dominicana","url":"https:\/\/goodhealthyrecipe.com\/en\/","logo":{"@type":"ImageObject","inLanguage":"en-US","@id":"https:\/\/goodhealthyrecipe.com\/en\/#\/schema\/logo\/image\/","url":"https:\/\/goodhealthyrecipe.com\/wp-content\/uploads\/2024\/11\/Logo-GoodHealthyRecipe-HD-1024.png","contentUrl":"https:\/\/goodhealthyrecipe.com\/wp-content\/uploads\/2024\/11\/Logo-GoodHealthyRecipe-HD-1024.png","width":1024,"height":1024,"caption":"CookFood.Recipes"},"image":{"@id":"https:\/\/goodhealthyrecipe.com\/en\/#\/schema\/logo\/image\/"},"sameAs":["https:\/\/www.facebook.com\/recipesvideoseasy","https:\/\/x.com\/musicamundiial","https:\/\/www.instagram.com\/musicamundiial","https:\/\/www.pinterest.com\/goodhealthyrecipe\/","https:\/\/www.youtube.com\/user\/musicamundiial2"],"description":"GoodHealthyRecipe.com es una plataforma dedicada a compartir recetas de cocina dominicana con un enfoque en la salud y la nutrici\u00f3n. En nuestro sitio, encontrar\u00e1s una amplia variedad de recetas tradicionales y modernas, acompa\u00f1adas de videos y consejos pr\u00e1cticos para preparar platos deliciosos y nutritivos. Desde el famoso mang\u00fa hasta los postres t\u00edpicos, te mostramos paso a paso c\u00f3mo hacerlos con ingredientes sencillos y accesibles. \u00danete a nuestra comunidad y descubre la aut\u00e9ntica gastronom\u00eda dominicana.","email":"info@goodhealthyrecipe.com","telephone":"+1-829-967-0999","legalName":"GoodHealthyRecipe","foundingDate":"2018-06-16","numberOfEmployees":{"@type":"QuantitativeValue","minValue":"1","maxValue":"10"},"publishingPrinciples":"https:\/\/goodhealthyrecipe.com\/sobre-nosotros\/","ownershipFundingInfo":"https:\/\/goodhealthyrecipe.com\/sobre-nosotros\/","actionableFeedbackPolicy":"https:\/\/goodhealthyrecipe.com\/privacy-policy-2\/","correctionsPolicy":"https:\/\/goodhealthyrecipe.com\/privacy-policy-2\/","ethicsPolicy":"https:\/\/goodhealthyrecipe.com\/privacy-policy-2\/","diversityPolicy":"https:\/\/goodhealthyrecipe.com\/privacy-policy-2\/","diversityStaffingReport":"https:\/\/goodhealthyrecipe.com\/privacy-policy-2\/"}]}},"_links":{"self":[{"href":"https:\/\/goodhealthyrecipe.com\/en\/wp-json\/wp\/v2\/pages\/9265","targetHints":{"allow":["GET"]}}],"collection":[{"href":"https:\/\/goodhealthyrecipe.com\/en\/wp-json\/wp\/v2\/pages"}],"about":[{"href":"https:\/\/goodhealthyrecipe.com\/en\/wp-json\/wp\/v2\/types\/page"}],"author":[{"embeddable":true,"href":"https:\/\/goodhealthyrecipe.com\/en\/wp-json\/wp\/v2\/users\/6"}],"replies":[{"embeddable":true,"href":"https:\/\/goodhealthyrecipe.com\/en\/wp-json\/wp\/v2\/comments?post=9265"}],"version-history":[{"count":0,"href":"https:\/\/goodhealthyrecipe.com\/en\/wp-json\/wp\/v2\/pages\/9265\/revisions"}],"wp:attachment":[{"href":"https:\/\/goodhealthyrecipe.com\/en\/wp-json\/wp\/v2\/media?parent=9265"}],"curies":[{"name":"wp","href":"https:\/\/api.w.org\/{rel}","templated":true}]}}