{"id":9259,"date":"2021-04-12T23:15:27","date_gmt":"2021-04-13T03:15:27","guid":{"rendered":"https:\/\/goodhealthyrecipe.com\/contact-us\/"},"modified":"2024-01-06T19:42:57","modified_gmt":"2024-01-06T23:42:57","slug":"contact-us","status":"publish","type":"page","link":"https:\/\/goodhealthyrecipe.com\/en\/contact-us\/","title":{"rendered":"Contact us"},"content":{"rendered":"<div class=\"wpforms-container wpforms-block wpforms-block-d77b9b47-81c1-429a-bd16-1f105ae2d1ae\" id=\"wpforms-6240\"><form id=\"wpforms-form-6240\" class=\"wpforms-validate wpforms-form\" data-formid=\"6240\" method=\"post\" enctype=\"multipart\/form-data\" action=\"\/en\/wp-json\/wp\/v2\/pages\/9259\" data-token=\"73a651c303e6c0f62a2825b15e71e87e\" data-token-time=\"1777435979\"><noscript class=\"wpforms-error-noscript\">Please enable JavaScript in your browser to complete this form.<\/noscript><div class=\"wpforms-field-container\"><div id=\"wpforms-6240-field_0-container\" class=\"wpforms-field wpforms-field-name\" data-field-id=\"0\"><label class=\"wpforms-field-label\">Nombres y Apellidos <span class=\"wpforms-required-label\">*<\/span><\/label><div class=\"wpforms-field-row wpforms-field-medium\"><div class=\"wpforms-field-row-block wpforms-first wpforms-one-half\"><input type=\"text\" id=\"wpforms-6240-field_0\" class=\"wpforms-field-name-first wpforms-field-required\" name=\"wpforms[fields][0][first]\" required><label for=\"wpforms-6240-field_0\" class=\"wpforms-field-sublabel after\">First<\/label><\/div><div class=\"wpforms-field-row-block wpforms-one-half\"><input type=\"text\" id=\"wpforms-6240-field_0-last\" class=\"wpforms-field-name-last wpforms-field-required\" name=\"wpforms[fields][0][last]\" required><label for=\"wpforms-6240-field_0-last\" class=\"wpforms-field-sublabel after\">Last<\/label><\/div><\/div><\/div><div id=\"wpforms-6240-field_1-container\" class=\"wpforms-field wpforms-field-email\" data-field-id=\"1\"><label class=\"wpforms-field-label\" for=\"wpforms-6240-field_1\">Email <span class=\"wpforms-required-label\">*<\/span><\/label><input type=\"email\" id=\"wpforms-6240-field_1\" class=\"wpforms-field-medium wpforms-field-required\" name=\"wpforms[fields][1]\" spellcheck=\"false\" required><\/div><div id=\"wpforms-6240-field_2-container\" class=\"wpforms-field wpforms-field-textarea\" data-field-id=\"2\"><label class=\"wpforms-field-label\" for=\"wpforms-6240-field_2\">Comentario o Mensaje <span class=\"wpforms-required-label\">*<\/span><\/label><textarea id=\"wpforms-6240-field_2\" class=\"wpforms-field-medium wpforms-field-required\" name=\"wpforms[fields][2]\" required><\/textarea><\/div><\/div><!-- .wpforms-field-container --><div class=\"wpforms-recaptcha-container wpforms-is-recaptcha wpforms-is-recaptcha-type-v2\" ><div class=\"g-recaptcha\" data-sitekey=\"6LfUNbQaAAAAAAcZZuv3JCcMYncxWUwuqr62Rkxs\"><\/div><input type=\"text\" name=\"g-recaptcha-hidden\" class=\"wpforms-recaptcha-hidden\" style=\"position:absolute!important;clip:rect(0,0,0,0)!important;height:1px!important;width:1px!important;border:0!important;overflow:hidden!important;padding:0!important;margin:0!important;\" data-rule-recaptcha=\"1\"><\/div><div class=\"wpforms-submit-container\" ><input type=\"hidden\" name=\"wpforms[id]\" value=\"6240\"><input type=\"hidden\" name=\"page_title\" value=\"\"><input type=\"hidden\" name=\"page_url\" value=\"https:\/\/goodhealthyrecipe.com\/en\/wp-json\/wp\/v2\/pages\/9259\"><button type=\"submit\" name=\"wpforms[submit]\" id=\"wpforms-submit-6240\" class=\"wpforms-submit\" data-alt-text=\"Enviando...\" data-submit-text=\"Enviar\" aria-live=\"assertive\" value=\"wpforms-submit\">Enviar<\/button><\/div><\/form><\/div>  <!-- .wpforms-container -->","protected":false},"excerpt":{"rendered":"","protected":false},"author":6,"featured_media":0,"parent":0,"menu_order":0,"comment_status":"closed","ping_status":"closed","template":"","meta":{"wprm-recipe-roundup-name":"","wprm-recipe-roundup-description":"","footnotes":""},"class_list":["post-9259","page","type-page","status-publish"],"yoast_head":"<!-- This site is optimized with the Yoast SEO Premium plugin v23.9 (Yoast SEO v23.9) - https:\/\/yoast.com\/wordpress\/plugins\/seo\/ -->\n<title>Contact us - Recetas F\u00e1ciles y de Cocina Dominicana: GoodHealthyRecipe.com<\/title>\n<meta name=\"description\" content=\"Contact GoodHealthyRecipe.com directly if you would like to submit your recipes and publish it officially.\" \/>\n<meta name=\"robots\" content=\"index, follow, max-snippet:-1, max-image-preview:large, max-video-preview:-1\" \/>\n<link rel=\"canonical\" href=\"https:\/\/goodhealthyrecipe.com\/en\/contact-us\/\" \/>\n<meta property=\"og:locale\" content=\"en_US\" \/>\n<meta property=\"og:type\" content=\"article\" \/>\n<meta property=\"og:title\" content=\"Contact us\" \/>\n<meta property=\"og:url\" content=\"https:\/\/goodhealthyrecipe.com\/en\/contact-us\/\" \/>\n<meta property=\"og:site_name\" content=\"Recetas F\u00e1ciles y de Cocina Dominicana: GoodHealthyRecipe.com\" \/>\n<meta property=\"article:publisher\" content=\"https:\/\/www.facebook.com\/recipesvideoseasy\" \/>\n<meta property=\"article:modified_time\" content=\"2024-01-06T23:42:57+00:00\" \/>\n<meta property=\"og:image\" content=\"https:\/\/goodhealthyrecipe.com\/wp-content\/uploads\/2020\/03\/pica-pollo-dominicano-2.webp\" \/>\n\t<meta property=\"og:image:width\" content=\"1200\" \/>\n\t<meta property=\"og:image:height\" content=\"800\" \/>\n\t<meta property=\"og:image:type\" content=\"image\/jpeg\" \/>\n<meta name=\"twitter:card\" content=\"summary_large_image\" \/>\n<meta name=\"twitter:site\" content=\"@musicamundiial\" \/>\n<script type=\"application\/ld+json\" class=\"yoast-schema-graph\">{\"@context\":\"https:\/\/schema.org\",\"@graph\":[{\"@type\":\"WebPage\",\"@id\":\"https:\/\/goodhealthyrecipe.com\/en\/contact-us\/\",\"url\":\"https:\/\/goodhealthyrecipe.com\/en\/contact-us\/\",\"name\":\"Contact us - Recetas F\u00e1ciles y de Cocina Dominicana: GoodHealthyRecipe.com\",\"isPartOf\":{\"@id\":\"https:\/\/goodhealthyrecipe.com\/en\/#website\"},\"datePublished\":\"2021-04-13T03:15:27+00:00\",\"dateModified\":\"2024-01-06T23:42:57+00:00\",\"description\":\"Contact GoodHealthyRecipe.com directly if you would like to submit your recipes and publish it officially.\",\"breadcrumb\":{\"@id\":\"https:\/\/goodhealthyrecipe.com\/en\/contact-us\/#breadcrumb\"},\"inLanguage\":\"en-US\",\"potentialAction\":[{\"@type\":\"ReadAction\",\"target\":[\"https:\/\/goodhealthyrecipe.com\/en\/contact-us\/\"]}]},{\"@type\":\"BreadcrumbList\",\"@id\":\"https:\/\/goodhealthyrecipe.com\/en\/contact-us\/#breadcrumb\",\"itemListElement\":[{\"@type\":\"ListItem\",\"position\":1,\"name\":\"Receta\",\"item\":\"https:\/\/goodhealthyrecipe.com\/en\/home-2\/\"},{\"@type\":\"ListItem\",\"position\":2,\"name\":\"Contact us\"}]},{\"@type\":\"WebSite\",\"@id\":\"https:\/\/goodhealthyrecipe.com\/en\/#website\",\"url\":\"https:\/\/goodhealthyrecipe.com\/en\/\",\"name\":\"Recetas F\u00e1ciles y de Cocina Dominicana: GoodHealthyRecipe.com\",\"description\":\"Recetas F\u00e1ciles de Cocina Dominicana\",\"publisher\":{\"@id\":\"https:\/\/goodhealthyrecipe.com\/en\/#organization\"},\"alternateName\":\"Recetas de Cocina Dominicana\",\"potentialAction\":[{\"@type\":\"SearchAction\",\"target\":{\"@type\":\"EntryPoint\",\"urlTemplate\":\"https:\/\/goodhealthyrecipe.com\/en\/?s={search_term_string}\"},\"query-input\":{\"@type\":\"PropertyValueSpecification\",\"valueRequired\":true,\"valueName\":\"search_term_string\"}}],\"inLanguage\":\"en-US\"},{\"@type\":\"Organization\",\"@id\":\"https:\/\/goodhealthyrecipe.com\/en\/#organization\",\"name\":\"CookFood.Recipes\",\"alternateName\":\"Recetas de Cocina Dominicana\",\"url\":\"https:\/\/goodhealthyrecipe.com\/en\/\",\"logo\":{\"@type\":\"ImageObject\",\"inLanguage\":\"en-US\",\"@id\":\"https:\/\/goodhealthyrecipe.com\/en\/#\/schema\/logo\/image\/\",\"url\":\"https:\/\/goodhealthyrecipe.com\/wp-content\/uploads\/2024\/11\/Logo-GoodHealthyRecipe-HD-1024.png\",\"contentUrl\":\"https:\/\/goodhealthyrecipe.com\/wp-content\/uploads\/2024\/11\/Logo-GoodHealthyRecipe-HD-1024.png\",\"width\":1024,\"height\":1024,\"caption\":\"CookFood.Recipes\"},\"image\":{\"@id\":\"https:\/\/goodhealthyrecipe.com\/en\/#\/schema\/logo\/image\/\"},\"sameAs\":[\"https:\/\/www.facebook.com\/recipesvideoseasy\",\"https:\/\/x.com\/musicamundiial\",\"https:\/\/www.instagram.com\/musicamundiial\",\"https:\/\/www.pinterest.com\/goodhealthyrecipe\/\",\"https:\/\/www.youtube.com\/user\/musicamundiial2\"],\"description\":\"GoodHealthyRecipe.com es una plataforma dedicada a compartir recetas de cocina dominicana con un enfoque en la salud y la nutrici\u00f3n. En nuestro sitio, encontrar\u00e1s una amplia variedad de recetas tradicionales y modernas, acompa\u00f1adas de videos y consejos pr\u00e1cticos para preparar platos deliciosos y nutritivos. Desde el famoso mang\u00fa hasta los postres t\u00edpicos, te mostramos paso a paso c\u00f3mo hacerlos con ingredientes sencillos y accesibles. \u00danete a nuestra comunidad y descubre la aut\u00e9ntica gastronom\u00eda dominicana.\",\"email\":\"info@goodhealthyrecipe.com\",\"telephone\":\"+1-829-967-0999\",\"legalName\":\"GoodHealthyRecipe\",\"foundingDate\":\"2018-06-16\",\"numberOfEmployees\":{\"@type\":\"QuantitativeValue\",\"minValue\":\"1\",\"maxValue\":\"10\"},\"publishingPrinciples\":\"https:\/\/goodhealthyrecipe.com\/sobre-nosotros\/\",\"ownershipFundingInfo\":\"https:\/\/goodhealthyrecipe.com\/sobre-nosotros\/\",\"actionableFeedbackPolicy\":\"https:\/\/goodhealthyrecipe.com\/privacy-policy-2\/\",\"correctionsPolicy\":\"https:\/\/goodhealthyrecipe.com\/privacy-policy-2\/\",\"ethicsPolicy\":\"https:\/\/goodhealthyrecipe.com\/privacy-policy-2\/\",\"diversityPolicy\":\"https:\/\/goodhealthyrecipe.com\/privacy-policy-2\/\",\"diversityStaffingReport\":\"https:\/\/goodhealthyrecipe.com\/privacy-policy-2\/\"}]}<\/script>\n<!-- \/ Yoast SEO Premium plugin. -->","yoast_head_json":{"title":"Contact us - Recetas F\u00e1ciles y de Cocina Dominicana: GoodHealthyRecipe.com","description":"Contact GoodHealthyRecipe.com directly if you would like to submit your recipes and publish it officially.","robots":{"index":"index","follow":"follow","max-snippet":"max-snippet:-1","max-image-preview":"max-image-preview:large","max-video-preview":"max-video-preview:-1"},"canonical":"https:\/\/goodhealthyrecipe.com\/en\/contact-us\/","og_locale":"en_US","og_type":"article","og_title":"Contact us","og_url":"https:\/\/goodhealthyrecipe.com\/en\/contact-us\/","og_site_name":"Recetas F\u00e1ciles y de Cocina Dominicana: GoodHealthyRecipe.com","article_publisher":"https:\/\/www.facebook.com\/recipesvideoseasy","article_modified_time":"2024-01-06T23:42:57+00:00","og_image":[{"width":1200,"height":800,"url":"https:\/\/goodhealthyrecipe.com\/wp-content\/uploads\/2020\/03\/pica-pollo-dominicano-2.webp","type":"image\/jpeg"}],"twitter_card":"summary_large_image","twitter_site":"@musicamundiial","schema":{"@context":"https:\/\/schema.org","@graph":[{"@type":"WebPage","@id":"https:\/\/goodhealthyrecipe.com\/en\/contact-us\/","url":"https:\/\/goodhealthyrecipe.com\/en\/contact-us\/","name":"Contact us - Recetas F\u00e1ciles y de Cocina Dominicana: GoodHealthyRecipe.com","isPartOf":{"@id":"https:\/\/goodhealthyrecipe.com\/en\/#website"},"datePublished":"2021-04-13T03:15:27+00:00","dateModified":"2024-01-06T23:42:57+00:00","description":"Contact GoodHealthyRecipe.com directly if you would like to submit your recipes and publish it officially.","breadcrumb":{"@id":"https:\/\/goodhealthyrecipe.com\/en\/contact-us\/#breadcrumb"},"inLanguage":"en-US","potentialAction":[{"@type":"ReadAction","target":["https:\/\/goodhealthyrecipe.com\/en\/contact-us\/"]}]},{"@type":"BreadcrumbList","@id":"https:\/\/goodhealthyrecipe.com\/en\/contact-us\/#breadcrumb","itemListElement":[{"@type":"ListItem","position":1,"name":"Receta","item":"https:\/\/goodhealthyrecipe.com\/en\/home-2\/"},{"@type":"ListItem","position":2,"name":"Contact us"}]},{"@type":"WebSite","@id":"https:\/\/goodhealthyrecipe.com\/en\/#website","url":"https:\/\/goodhealthyrecipe.com\/en\/","name":"Recetas F\u00e1ciles y de Cocina Dominicana: GoodHealthyRecipe.com","description":"Recetas F\u00e1ciles de Cocina Dominicana","publisher":{"@id":"https:\/\/goodhealthyrecipe.com\/en\/#organization"},"alternateName":"Recetas de Cocina Dominicana","potentialAction":[{"@type":"SearchAction","target":{"@type":"EntryPoint","urlTemplate":"https:\/\/goodhealthyrecipe.com\/en\/?s={search_term_string}"},"query-input":{"@type":"PropertyValueSpecification","valueRequired":true,"valueName":"search_term_string"}}],"inLanguage":"en-US"},{"@type":"Organization","@id":"https:\/\/goodhealthyrecipe.com\/en\/#organization","name":"CookFood.Recipes","alternateName":"Recetas de Cocina Dominicana","url":"https:\/\/goodhealthyrecipe.com\/en\/","logo":{"@type":"ImageObject","inLanguage":"en-US","@id":"https:\/\/goodhealthyrecipe.com\/en\/#\/schema\/logo\/image\/","url":"https:\/\/goodhealthyrecipe.com\/wp-content\/uploads\/2024\/11\/Logo-GoodHealthyRecipe-HD-1024.png","contentUrl":"https:\/\/goodhealthyrecipe.com\/wp-content\/uploads\/2024\/11\/Logo-GoodHealthyRecipe-HD-1024.png","width":1024,"height":1024,"caption":"CookFood.Recipes"},"image":{"@id":"https:\/\/goodhealthyrecipe.com\/en\/#\/schema\/logo\/image\/"},"sameAs":["https:\/\/www.facebook.com\/recipesvideoseasy","https:\/\/x.com\/musicamundiial","https:\/\/www.instagram.com\/musicamundiial","https:\/\/www.pinterest.com\/goodhealthyrecipe\/","https:\/\/www.youtube.com\/user\/musicamundiial2"],"description":"GoodHealthyRecipe.com es una plataforma dedicada a compartir recetas de cocina dominicana con un enfoque en la salud y la nutrici\u00f3n. En nuestro sitio, encontrar\u00e1s una amplia variedad de recetas tradicionales y modernas, acompa\u00f1adas de videos y consejos pr\u00e1cticos para preparar platos deliciosos y nutritivos. Desde el famoso mang\u00fa hasta los postres t\u00edpicos, te mostramos paso a paso c\u00f3mo hacerlos con ingredientes sencillos y accesibles. \u00danete a nuestra comunidad y descubre la aut\u00e9ntica gastronom\u00eda dominicana.","email":"info@goodhealthyrecipe.com","telephone":"+1-829-967-0999","legalName":"GoodHealthyRecipe","foundingDate":"2018-06-16","numberOfEmployees":{"@type":"QuantitativeValue","minValue":"1","maxValue":"10"},"publishingPrinciples":"https:\/\/goodhealthyrecipe.com\/sobre-nosotros\/","ownershipFundingInfo":"https:\/\/goodhealthyrecipe.com\/sobre-nosotros\/","actionableFeedbackPolicy":"https:\/\/goodhealthyrecipe.com\/privacy-policy-2\/","correctionsPolicy":"https:\/\/goodhealthyrecipe.com\/privacy-policy-2\/","ethicsPolicy":"https:\/\/goodhealthyrecipe.com\/privacy-policy-2\/","diversityPolicy":"https:\/\/goodhealthyrecipe.com\/privacy-policy-2\/","diversityStaffingReport":"https:\/\/goodhealthyrecipe.com\/privacy-policy-2\/"}]}},"_links":{"self":[{"href":"https:\/\/goodhealthyrecipe.com\/en\/wp-json\/wp\/v2\/pages\/9259","targetHints":{"allow":["GET"]}}],"collection":[{"href":"https:\/\/goodhealthyrecipe.com\/en\/wp-json\/wp\/v2\/pages"}],"about":[{"href":"https:\/\/goodhealthyrecipe.com\/en\/wp-json\/wp\/v2\/types\/page"}],"author":[{"embeddable":true,"href":"https:\/\/goodhealthyrecipe.com\/en\/wp-json\/wp\/v2\/users\/6"}],"replies":[{"embeddable":true,"href":"https:\/\/goodhealthyrecipe.com\/en\/wp-json\/wp\/v2\/comments?post=9259"}],"version-history":[{"count":0,"href":"https:\/\/goodhealthyrecipe.com\/en\/wp-json\/wp\/v2\/pages\/9259\/revisions"}],"wp:attachment":[{"href":"https:\/\/goodhealthyrecipe.com\/en\/wp-json\/wp\/v2\/media?parent=9259"}],"curies":[{"name":"wp","href":"https:\/\/api.w.org\/{rel}","templated":true}]}}